{"id":2846,"date":"2025-07-25T02:11:43","date_gmt":"2025-07-25T02:11:43","guid":{"rendered":"https:\/\/fastwatersflyfishing.com\/?post_type=product&#038;p=2846"},"modified":"2025-11-10T12:22:24","modified_gmt":"2025-11-10T12:22:24","slug":"tippet-th-fluoro-carbon","status":"publish","type":"product","link":"https:\/\/fastwatersflyfishing.com\/?product=tippet-th-fluoro-carbon","title":{"rendered":"TroutHunter Fluorocarbon Tippet"},"content":{"rendered":"<p>El tippet de fluorocarbono TroutHunter fue declarado campe\u00f3n general del \u201cTippet Shoot Out\u201d en la<br \/>\nrevista Fly Fisherman, recibiendo la puntuaci\u00f3n m\u00e1s alta posible en dise\u00f1o del spool, honestidad<br \/>\nen la resistencia publicitada, resistencia a la abrasi\u00f3n, invisibilidad para los peces, precisi\u00f3n de<br \/>\nlanzamiento y preferencia de los pescadores expertos. Casi invisible debido a su bajo \u00edndice de<br \/>\nreflexi\u00f3n, este fluorocarbono de doble estructura est\u00e1 dise\u00f1ado para crear nudos fuertes y<br \/>\nduraderos, al tiempo que proporciona una notable resistencia a la rotura para su di\u00e1metro. El<br \/>\nfluorocarbono TroutHunter se ha convertido en el material de elecci\u00f3n internacional para los<br \/>\npescadores competitivos. Carrete de 50 metros.<\/p>\n","protected":false},"excerpt":{"rendered":"<p>La estructura de fluorocarbono de TroutHunter est\u00e1 dise\u00f1ada para crear nudos fuertes y duraderos a la vez que proporciona una notable resistencia a la rotura para su di\u00e1metro.<\/p>\n","protected":false},"featured_media":2906,"template":"","meta":[],"product_brand":[],"product_cat":[42],"product_tag":[],"class_list":{"0":"post-2846","1":"product","2":"type-product","3":"status-publish","4":"has-post-thumbnail","6":"product_cat-tippet","8":"first","9":"instock","10":"shipping-taxable","11":"purchasable","12":"product-type-variable"},"_links":{"self":[{"href":"https:\/\/fastwatersflyfishing.com\/index.php?rest_route=\/wp\/v2\/product\/2846","targetHints":{"allow":["GET"]}}],"collection":[{"href":"https:\/\/fastwatersflyfishing.com\/index.php?rest_route=\/wp\/v2\/product"}],"about":[{"href":"https:\/\/fastwatersflyfishing.com\/index.php?rest_route=\/wp\/v2\/types\/product"}],"wp:featuredmedia":[{"embeddable":true,"href":"https:\/\/fastwatersflyfishing.com\/index.php?rest_route=\/wp\/v2\/media\/2906"}],"wp:attachment":[{"href":"https:\/\/fastwatersflyfishing.com\/index.php?rest_route=%2Fwp%2Fv2%2Fmedia&parent=2846"}],"wp:term":[{"taxonomy":"product_brand","embeddable":true,"href":"https:\/\/fastwatersflyfishing.com\/index.php?rest_route=%2Fwp%2Fv2%2Fproduct_brand&post=2846"},{"taxonomy":"product_cat","embeddable":true,"href":"https:\/\/fastwatersflyfishing.com\/index.php?rest_route=%2Fwp%2Fv2%2Fproduct_cat&post=2846"},{"taxonomy":"product_tag","embeddable":true,"href":"https:\/\/fastwatersflyfishing.com\/index.php?rest_route=%2Fwp%2Fv2%2Fproduct_tag&post=2846"}],"curies":[{"name":"wp","href":"https:\/\/api.w.org\/{rel}","templated":true}]}}