{"id":2909,"date":"2025-07-25T16:45:16","date_gmt":"2025-07-25T16:45:16","guid":{"rendered":"https:\/\/fastwatersflyfishing.com\/?post_type=product&#038;p=2909"},"modified":"2025-11-10T12:19:59","modified_gmt":"2025-11-10T12:19:59","slug":"trouthunter-evo-nylon-tippet","status":"publish","type":"product","link":"https:\/\/fastwatersflyfishing.com\/?product=trouthunter-evo-nylon-tippet","title":{"rendered":"TroutHunter EVO Nylon Tippet"},"content":{"rendered":"<p>El Tippet de nailon EVO de TroutHunter supera los l\u00edmites del dise\u00f1o en tippets para ofrecer un<br \/>\nnuevo producto de vanguardia. Con el tippet EVO, hemos mejorado enormemente nuestro nailon<br \/>\noriginal a trav\u00e9s de la aplicaci\u00f3n adecuada de un nuevo revestimiento org\u00e1nico patentado. Las<br \/>\nventajas incluyen mayor resistencia a la abrasi\u00f3n, una resistencia de nudos muy superior, mayor<br \/>\nvida \u00fatil, mejor flotaci\u00f3n y memoria notablemente reducida. El nailon de TroutHunter es la opci\u00f3n<br \/>\ncuando la situaci\u00f3n exige una presentaci\u00f3n y un rendimiento excepcionales. Bobina de 50 metros.<\/p>\n","protected":false},"excerpt":{"rendered":"<p>El Tippet de nailon EVO de TroutHunter supera los l\u00edmites del dise\u00f1o en tippets para ofrecer un<br \/>\nnuevo producto de vanguardia<\/p>\n","protected":false},"featured_media":2931,"template":"","meta":[],"product_brand":[],"product_cat":[42],"product_tag":[],"class_list":{"0":"post-2909","1":"product","2":"type-product","3":"status-publish","4":"has-post-thumbnail","6":"product_cat-tippet","8":"first","9":"instock","10":"shipping-taxable","11":"purchasable","12":"product-type-variable"},"_links":{"self":[{"href":"https:\/\/fastwatersflyfishing.com\/index.php?rest_route=\/wp\/v2\/product\/2909","targetHints":{"allow":["GET"]}}],"collection":[{"href":"https:\/\/fastwatersflyfishing.com\/index.php?rest_route=\/wp\/v2\/product"}],"about":[{"href":"https:\/\/fastwatersflyfishing.com\/index.php?rest_route=\/wp\/v2\/types\/product"}],"wp:featuredmedia":[{"embeddable":true,"href":"https:\/\/fastwatersflyfishing.com\/index.php?rest_route=\/wp\/v2\/media\/2931"}],"wp:attachment":[{"href":"https:\/\/fastwatersflyfishing.com\/index.php?rest_route=%2Fwp%2Fv2%2Fmedia&parent=2909"}],"wp:term":[{"taxonomy":"product_brand","embeddable":true,"href":"https:\/\/fastwatersflyfishing.com\/index.php?rest_route=%2Fwp%2Fv2%2Fproduct_brand&post=2909"},{"taxonomy":"product_cat","embeddable":true,"href":"https:\/\/fastwatersflyfishing.com\/index.php?rest_route=%2Fwp%2Fv2%2Fproduct_cat&post=2909"},{"taxonomy":"product_tag","embeddable":true,"href":"https:\/\/fastwatersflyfishing.com\/index.php?rest_route=%2Fwp%2Fv2%2Fproduct_tag&post=2909"}],"curies":[{"name":"wp","href":"https:\/\/api.w.org\/{rel}","templated":true}]}}