{"id":2947,"date":"2025-07-25T17:12:25","date_gmt":"2025-07-25T17:12:25","guid":{"rendered":"https:\/\/fastwatersflyfishing.com\/?post_type=product&#038;p=2947"},"modified":"2026-01-14T15:18:42","modified_gmt":"2026-01-14T15:18:42","slug":"evo-drift-leader","status":"publish","type":"product","link":"https:\/\/fastwatersflyfishing.com\/?product=evo-drift-leader","title":{"rendered":"EVO Drift Leader"},"content":{"rendered":"<p>EVO Drift son lo \u00faltimo en l\u00edderes. El rendimiento mejorado se logra mediante la aplicaci\u00f3n de<br \/>\nnuestro revestimiento EVO al material de nuestro l\u00edder. El revestimiento EVO da como resultado<br \/>\nuna resistencia de nudo mucho mayor sin un aumento notable en el di\u00e1metro. EVO tambi\u00e9n agrega<br \/>\nuna medida de durabilidad para combatir la abrasi\u00f3n y repele el agua. La memoria es casi<br \/>\ninexistente y los l\u00edderes est\u00e1n dise\u00f1ados para proporcionar una fuerte rotaci\u00f3n y producir derivas<br \/>\nsin drag sobre los peces m\u00e1s t\u00e9cnicos.<br \/>\nEl resultado es una familia de l\u00edderes que se destacar\u00e1n en la pesca con mosca seca en todas las<br \/>\nsituaciones. Disponibles como l\u00edderes de 9\u2019 y 12\u2019.<\/p>\n<p>En resumen:<br \/>\n+ Resistencia de nudo muy mejorada<br \/>\n+ Mayor resistencia a la abrasi\u00f3n y al impacto<br \/>\n+ Flotaci\u00f3n mejorada<br \/>\n+ Vida \u00fatil m\u00e1s larga<br \/>\n+ Sin memoria<br \/>\n+ Cuando se usa correctamente, derivas drag<\/p>\n","protected":false},"excerpt":{"rendered":"<p>Los l\u00edderes EVO Drift proporcionan una resistencia de nudo mucho mejorada, mayor resistencia a la abrasi\u00f3n y al impacto, flotaci\u00f3n mejorada, mayor vida \u00fatil y sin memoria para ayudar en derivas sin arrastre y peces m\u00e1s t\u00e9cnicos.<\/p>\n","protected":false},"featured_media":2959,"template":"","meta":[],"product_brand":[],"product_cat":[43],"product_tag":[],"class_list":{"0":"post-2947","1":"product","2":"type-product","3":"status-publish","4":"has-post-thumbnail","6":"product_cat-leader","8":"first","9":"instock","10":"shipping-taxable","11":"purchasable","12":"product-type-variable"},"_links":{"self":[{"href":"https:\/\/fastwatersflyfishing.com\/index.php?rest_route=\/wp\/v2\/product\/2947","targetHints":{"allow":["GET"]}}],"collection":[{"href":"https:\/\/fastwatersflyfishing.com\/index.php?rest_route=\/wp\/v2\/product"}],"about":[{"href":"https:\/\/fastwatersflyfishing.com\/index.php?rest_route=\/wp\/v2\/types\/product"}],"wp:featuredmedia":[{"embeddable":true,"href":"https:\/\/fastwatersflyfishing.com\/index.php?rest_route=\/wp\/v2\/media\/2959"}],"wp:attachment":[{"href":"https:\/\/fastwatersflyfishing.com\/index.php?rest_route=%2Fwp%2Fv2%2Fmedia&parent=2947"}],"wp:term":[{"taxonomy":"product_brand","embeddable":true,"href":"https:\/\/fastwatersflyfishing.com\/index.php?rest_route=%2Fwp%2Fv2%2Fproduct_brand&post=2947"},{"taxonomy":"product_cat","embeddable":true,"href":"https:\/\/fastwatersflyfishing.com\/index.php?rest_route=%2Fwp%2Fv2%2Fproduct_cat&post=2947"},{"taxonomy":"product_tag","embeddable":true,"href":"https:\/\/fastwatersflyfishing.com\/index.php?rest_route=%2Fwp%2Fv2%2Fproduct_tag&post=2947"}],"curies":[{"name":"wp","href":"https:\/\/api.w.org\/{rel}","templated":true}]}}