{"id":2964,"date":"2025-07-25T17:20:53","date_gmt":"2025-07-25T17:20:53","guid":{"rendered":"https:\/\/fastwatersflyfishing.com\/?post_type=product&#038;p=2964"},"modified":"2025-11-10T12:14:20","modified_gmt":"2025-11-10T12:14:20","slug":"trouthunter-nylon-leader","status":"publish","type":"product","link":"https:\/\/fastwatersflyfishing.com\/?product=trouthunter-nylon-leader","title":{"rendered":"TroutHunter Nylon Leader"},"content":{"rendered":"<p>L\u00edder c\u00f3nico para trucha, estos l\u00edderes vers\u00e1tiles ofrecen un rendimiento s\u00f3lido en todas las<br \/>\nsituaciones de pesca. Ofrecen una excelente rotaci\u00f3n y control al pescar con una variedad de<br \/>\ntama\u00f1os de moscas y son excelentes en d\u00edas ventosos. Disponibles en longitudes de 8&#8242; y 10&#8242;.<\/p>\n","protected":false},"excerpt":{"rendered":"<p>L\u00edder c\u00f3nico para trucha, estos l\u00edderes vers\u00e1tiles ofrecen un rendimiento s\u00f3lido en todas las<br \/>\nsituaciones de pesca.<\/p>\n","protected":false},"featured_media":2981,"template":"","meta":[],"product_brand":[],"product_cat":[43],"product_tag":[],"class_list":{"0":"post-2964","1":"product","2":"type-product","3":"status-publish","4":"has-post-thumbnail","6":"product_cat-leader","8":"first","9":"instock","10":"shipping-taxable","11":"purchasable","12":"product-type-variable"},"_links":{"self":[{"href":"https:\/\/fastwatersflyfishing.com\/index.php?rest_route=\/wp\/v2\/product\/2964","targetHints":{"allow":["GET"]}}],"collection":[{"href":"https:\/\/fastwatersflyfishing.com\/index.php?rest_route=\/wp\/v2\/product"}],"about":[{"href":"https:\/\/fastwatersflyfishing.com\/index.php?rest_route=\/wp\/v2\/types\/product"}],"wp:featuredmedia":[{"embeddable":true,"href":"https:\/\/fastwatersflyfishing.com\/index.php?rest_route=\/wp\/v2\/media\/2981"}],"wp:attachment":[{"href":"https:\/\/fastwatersflyfishing.com\/index.php?rest_route=%2Fwp%2Fv2%2Fmedia&parent=2964"}],"wp:term":[{"taxonomy":"product_brand","embeddable":true,"href":"https:\/\/fastwatersflyfishing.com\/index.php?rest_route=%2Fwp%2Fv2%2Fproduct_brand&post=2964"},{"taxonomy":"product_cat","embeddable":true,"href":"https:\/\/fastwatersflyfishing.com\/index.php?rest_route=%2Fwp%2Fv2%2Fproduct_cat&post=2964"},{"taxonomy":"product_tag","embeddable":true,"href":"https:\/\/fastwatersflyfishing.com\/index.php?rest_route=%2Fwp%2Fv2%2Fproduct_tag&post=2964"}],"curies":[{"name":"wp","href":"https:\/\/api.w.org\/{rel}","templated":true}]}}