{"id":2988,"date":"2025-07-25T17:29:49","date_gmt":"2025-07-25T17:29:49","guid":{"rendered":"https:\/\/fastwatersflyfishing.com\/?post_type=product&#038;p=2988"},"modified":"2025-11-10T12:10:26","modified_gmt":"2025-11-10T12:10:26","slug":"trouthunter-finesse-leader","status":"publish","type":"product","link":"https:\/\/fastwatersflyfishing.com\/?product=trouthunter-finesse-leader","title":{"rendered":"TroutHunter Finesse Leader"},"content":{"rendered":"<p>L\u00edder c\u00f3nico Finesse, la pesca en aguas r\u00e1pidas requiere caracter\u00edsticas especiales en un l\u00edder<br \/>\nc\u00f3nico. Un butt delgado, un taper din\u00e1mico y un tippet largo se adaptan perfectamente a estos<br \/>\nrequisitos. Con su camuflaje, tinte ahumado para baja visibilidad, el l\u00edder c\u00f3nico Finesse<br \/>\ntambi\u00e9n se destaca en presentaciones delicadas y derivas sin arrastre sobre truchas asustadizas.<br \/>\nDisponible en longitudes de 9&#8242; y 12&#8242;.<\/p>\n","protected":false},"excerpt":{"rendered":"<p>L\u00edder c\u00f3nico Finesse, la pesca en aguas r\u00e1pidas requiere caracter\u00edsticas especiales en un l\u00edder<br \/>\nc\u00f3nico. Un butt delgado, un taper din\u00e1mico y un tippet largo se adaptan perfectamente a estos<br \/>\nrequisitos.<\/p>\n","protected":false},"featured_media":2993,"template":"","meta":[],"product_brand":[],"product_cat":[43],"product_tag":[],"class_list":{"0":"post-2988","1":"product","2":"type-product","3":"status-publish","4":"has-post-thumbnail","6":"product_cat-leader","8":"first","9":"instock","10":"shipping-taxable","11":"purchasable","12":"product-type-variable"},"_links":{"self":[{"href":"https:\/\/fastwatersflyfishing.com\/index.php?rest_route=\/wp\/v2\/product\/2988","targetHints":{"allow":["GET"]}}],"collection":[{"href":"https:\/\/fastwatersflyfishing.com\/index.php?rest_route=\/wp\/v2\/product"}],"about":[{"href":"https:\/\/fastwatersflyfishing.com\/index.php?rest_route=\/wp\/v2\/types\/product"}],"wp:featuredmedia":[{"embeddable":true,"href":"https:\/\/fastwatersflyfishing.com\/index.php?rest_route=\/wp\/v2\/media\/2993"}],"wp:attachment":[{"href":"https:\/\/fastwatersflyfishing.com\/index.php?rest_route=%2Fwp%2Fv2%2Fmedia&parent=2988"}],"wp:term":[{"taxonomy":"product_brand","embeddable":true,"href":"https:\/\/fastwatersflyfishing.com\/index.php?rest_route=%2Fwp%2Fv2%2Fproduct_brand&post=2988"},{"taxonomy":"product_cat","embeddable":true,"href":"https:\/\/fastwatersflyfishing.com\/index.php?rest_route=%2Fwp%2Fv2%2Fproduct_cat&post=2988"},{"taxonomy":"product_tag","embeddable":true,"href":"https:\/\/fastwatersflyfishing.com\/index.php?rest_route=%2Fwp%2Fv2%2Fproduct_tag&post=2988"}],"curies":[{"name":"wp","href":"https:\/\/api.w.org\/{rel}","templated":true}]}}