{"id":3001,"date":"2025-07-25T17:33:28","date_gmt":"2025-07-25T17:33:28","guid":{"rendered":"https:\/\/fastwatersflyfishing.com\/?post_type=product&#038;p=3001"},"modified":"2025-11-10T12:08:17","modified_gmt":"2025-11-10T12:08:17","slug":"trouthunter-rene-harrop-signature-leader-14-ft","status":"publish","type":"product","link":"https:\/\/fastwatersflyfishing.com\/?product=trouthunter-rene-harrop-signature-leader-14-ft","title":{"rendered":"TroutHunter Rene Harrop Signature Leader &#8211; 14 ft"},"content":{"rendered":"<p>Leader c\u00f3nico Ren\u00e9 Harrop Signature, la ventaja de un leader largo es indiscutible cuando se pescan<br \/>\ntruchas cautelosas en aguas claras y de movimiento lento. Este dise\u00f1o elimina el miedo de pescar<br \/>\ncon un leader c\u00f3nico m\u00e1s largo al brindar una fuerte rotaci\u00f3n y un control preciso, incluso con viento.<br \/>\nEl leader c\u00f3nico Ren\u00e9 Harrop Signature duplica el rendimiento de los mejores leaders atados a mano<br \/>\ny, al mismo tiempo, brinda la comodidad de un leader c\u00f3nico sin nudos.<\/p>\n","protected":false},"excerpt":{"rendered":"<p>El leader c\u00f3nico Ren\u00e9 Harrop Signature duplica el rendimiento de los mejores l\u00edderes atados a mano<br \/>\ny, al mismo tiempo, brinda la comodidad de un l\u00edder c\u00f3nico sin nudos.<\/p>\n","protected":false},"featured_media":3009,"template":"","meta":[],"product_brand":[],"product_cat":[43],"product_tag":[],"class_list":{"0":"post-3001","1":"product","2":"type-product","3":"status-publish","4":"has-post-thumbnail","6":"product_cat-leader","8":"first","9":"instock","10":"shipping-taxable","11":"purchasable","12":"product-type-variable"},"_links":{"self":[{"href":"https:\/\/fastwatersflyfishing.com\/index.php?rest_route=\/wp\/v2\/product\/3001","targetHints":{"allow":["GET"]}}],"collection":[{"href":"https:\/\/fastwatersflyfishing.com\/index.php?rest_route=\/wp\/v2\/product"}],"about":[{"href":"https:\/\/fastwatersflyfishing.com\/index.php?rest_route=\/wp\/v2\/types\/product"}],"wp:featuredmedia":[{"embeddable":true,"href":"https:\/\/fastwatersflyfishing.com\/index.php?rest_route=\/wp\/v2\/media\/3009"}],"wp:attachment":[{"href":"https:\/\/fastwatersflyfishing.com\/index.php?rest_route=%2Fwp%2Fv2%2Fmedia&parent=3001"}],"wp:term":[{"taxonomy":"product_brand","embeddable":true,"href":"https:\/\/fastwatersflyfishing.com\/index.php?rest_route=%2Fwp%2Fv2%2Fproduct_brand&post=3001"},{"taxonomy":"product_cat","embeddable":true,"href":"https:\/\/fastwatersflyfishing.com\/index.php?rest_route=%2Fwp%2Fv2%2Fproduct_cat&post=3001"},{"taxonomy":"product_tag","embeddable":true,"href":"https:\/\/fastwatersflyfishing.com\/index.php?rest_route=%2Fwp%2Fv2%2Fproduct_tag&post=3001"}],"curies":[{"name":"wp","href":"https:\/\/api.w.org\/{rel}","templated":true}]}}